{"id":135,"date":"2020-03-09T16:06:41","date_gmt":"2020-03-09T15:06:41","guid":{"rendered":"https:\/\/www.vivamedical.sk\/?page_id=135"},"modified":"2020-03-09T20:55:06","modified_gmt":"2020-03-09T19:55:06","slug":"umyvacie-rukavice-2","status":"publish","type":"page","link":"https:\/\/www.vivamedical.sk\/?page_id=135","title":{"rendered":"Um\u00fdvacie rukavice"},"content":{"rendered":"\n<div class=\"wp-block-media-text alignwide is-vertically-aligned-top\"><figure class=\"wp-block-media-text__media\"><img loading=\"lazy\" decoding=\"async\" width=\"440\" height=\"442\" src=\"https:\/\/www.vivamedical.sk\/wp-content\/uploads\/2020\/03\/umyvacie-rukavice-1.jpg\" alt=\"\" class=\"wp-image-137\" srcset=\"https:\/\/www.vivamedical.sk\/wp-content\/uploads\/2020\/03\/umyvacie-rukavice-1.jpg 440w, https:\/\/www.vivamedical.sk\/wp-content\/uploads\/2020\/03\/umyvacie-rukavice-1-300x300.jpg 300w, https:\/\/www.vivamedical.sk\/wp-content\/uploads\/2020\/03\/umyvacie-rukavice-1-150x150.jpg 150w, https:\/\/www.vivamedical.sk\/wp-content\/uploads\/2020\/03\/umyvacie-rukavice-1-1x1.jpg 1w\" sizes=\"(max-width: 440px) 100vw, 440px\" \/><\/figure><div class=\"wp-block-media-text__content\">\n<p style=\"font-size:22px\"><strong>Um\u00fdvacie rukavice<\/strong><\/p>\n\n\n\n<p>Jednorazov\u00e9 um\u00fdvacie rukavice vyroben\u00e9 z netkanej text\u00edlie \u2013 tie\u017e spojen\u00e9 s polyetyl\u00e9nom \u2013 alebo v suchom papieri spojenom s polyetyl\u00e9nom alebo dokonca z mikrovl\u00e1kna. Jednorazov\u00e9 um\u00fdvacie rukavice s\u00fa ide\u00e1lne na um\u00fdvanie pacientov alebo na ich osobn\u00fa hygienu, na l\u00f4\u017ekov\u00fdch posteliach v nemocnici a na starostlivos\u0165 o star\u0161\u00edch \u013eud\u00ed.<\/p>\n\n\n\n<p>RUKAVICE s\u00fa navrhnut\u00e9 \u0161peci\u00e1lne pre lek\u00e1rsky sektor. Na\u0161e jednorazov\u00e9 um\u00fdvacie rukavice sa ve\u013emi \u013eahko pou\u017e\u00edvaj\u00fa a s\u00fa pohodln\u00e9.<\/p>\n\n\n\n<p><strong>Rozmery : <\/strong>22\u00d716,5cm \/ 23\u00d716,5cm<br><strong>Po\u010det ks v boxe :<\/strong> 500<\/p>\n<\/div><\/div>\n\n\n\n<figure class=\"wp-block-embed-youtube aligncenter wp-block-embed is-type-video is-provider-youtube wp-embed-aspect-16-9 wp-has-aspect-ratio\"><div class=\"wp-block-embed__wrapper\">\n<iframe loading=\"lazy\" title=\"DISPO WASH GLOVES\" width=\"640\" height=\"360\" src=\"https:\/\/www.youtube.com\/embed\/EuEAIc0TEOk?feature=oembed\" frameborder=\"0\" allow=\"accelerometer; autoplay; clipboard-write; encrypted-media; gyroscope; picture-in-picture; web-share\" referrerpolicy=\"strict-origin-when-cross-origin\" allowfullscreen><\/iframe>\n<\/div><\/figure>\n","protected":false},"excerpt":{"rendered":"<p>Um\u00fdvacie rukavice Jednorazov\u00e9 um\u00fdvacie rukavice vyroben\u00e9 z netkanej text\u00edlie \u2013 tie\u017e spojen\u00e9 s polyetyl\u00e9nom \u2013 alebo v suchom papieri spojenom s polyetyl\u00e9nom alebo dokonca z mikrovl\u00e1kna. Jednorazov\u00e9 um\u00fdvacie rukavice s\u00fa ide\u00e1lne na um\u00fdvanie pacientov alebo na ich osobn\u00fa hygienu, na l\u00f4\u017ekov\u00fdch posteliach v nemocnici a na starostlivos\u0165 o star\u0161\u00edch \u013eud\u00ed. RUKAVICE s\u00fa navrhnut\u00e9 \u0161peci\u00e1lne pre [&hellip;]<\/p>\n","protected":false},"author":1,"featured_media":0,"parent":182,"menu_order":0,"comment_status":"closed","ping_status":"closed","template":"page-templates\/full-width.php","meta":{"_monsterinsights_skip_tracking":false,"_monsterinsights_sitenote_active":false,"_monsterinsights_sitenote_note":"","_monsterinsights_sitenote_category":0,"footnotes":""},"yoast_head":"<!-- This site is optimized with the Yoast SEO plugin v22.3 - https:\/\/yoast.com\/wordpress\/plugins\/seo\/ -->\n<title>Um\u00fdvacie rukavice - Viva Medical s. r. o.<\/title>\n<meta name=\"robots\" content=\"index, follow, max-snippet:-1, max-image-preview:large, max-video-preview:-1\" \/>\n<link rel=\"canonical\" href=\"https:\/\/www.vivamedical.sk\/?page_id=135\" \/>\n<meta property=\"og:locale\" content=\"sk_SK\" \/>\n<meta property=\"og:type\" content=\"article\" \/>\n<meta property=\"og:title\" content=\"Um\u00fdvacie rukavice - Viva Medical s. r. o.\" \/>\n<meta property=\"og:description\" content=\"Um\u00fdvacie rukavice Jednorazov\u00e9 um\u00fdvacie rukavice vyroben\u00e9 z netkanej text\u00edlie \u2013 tie\u017e spojen\u00e9 s polyetyl\u00e9nom \u2013 alebo v suchom papieri spojenom s polyetyl\u00e9nom alebo dokonca z mikrovl\u00e1kna. Jednorazov\u00e9 um\u00fdvacie rukavice s\u00fa ide\u00e1lne na um\u00fdvanie pacientov alebo na ich osobn\u00fa hygienu, na l\u00f4\u017ekov\u00fdch posteliach v nemocnici a na starostlivos\u0165 o star\u0161\u00edch \u013eud\u00ed. RUKAVICE s\u00fa navrhnut\u00e9 \u0161peci\u00e1lne pre [&hellip;]\" \/>\n<meta property=\"og:url\" content=\"https:\/\/www.vivamedical.sk\/?page_id=135\" \/>\n<meta property=\"og:site_name\" content=\"Viva Medical s. r. o.\" \/>\n<meta property=\"article:modified_time\" content=\"2020-03-09T19:55:06+00:00\" \/>\n<meta property=\"og:image\" content=\"https:\/\/www.vivamedical.sk\/wp-content\/uploads\/2020\/03\/umyvacie-rukavice-1.jpg\" \/>\n<meta name=\"twitter:card\" content=\"summary_large_image\" \/>\n<script type=\"application\/ld+json\" class=\"yoast-schema-graph\">{\"@context\":\"https:\/\/schema.org\",\"@graph\":[{\"@type\":\"WebPage\",\"@id\":\"https:\/\/www.vivamedical.sk\/?page_id=135\",\"url\":\"https:\/\/www.vivamedical.sk\/?page_id=135\",\"name\":\"Um\u00fdvacie rukavice - Viva Medical s. r. o.\",\"isPartOf\":{\"@id\":\"https:\/\/www.vivamedical.sk\/#website\"},\"primaryImageOfPage\":{\"@id\":\"https:\/\/www.vivamedical.sk\/?page_id=135#primaryimage\"},\"image\":{\"@id\":\"https:\/\/www.vivamedical.sk\/?page_id=135#primaryimage\"},\"thumbnailUrl\":\"https:\/\/www.vivamedical.sk\/wp-content\/uploads\/2020\/03\/umyvacie-rukavice-1.jpg\",\"datePublished\":\"2020-03-09T15:06:41+00:00\",\"dateModified\":\"2020-03-09T19:55:06+00:00\",\"breadcrumb\":{\"@id\":\"https:\/\/www.vivamedical.sk\/?page_id=135#breadcrumb\"},\"inLanguage\":\"sk-SK\",\"potentialAction\":[{\"@type\":\"ReadAction\",\"target\":[\"https:\/\/www.vivamedical.sk\/?page_id=135\"]}]},{\"@type\":\"ImageObject\",\"inLanguage\":\"sk-SK\",\"@id\":\"https:\/\/www.vivamedical.sk\/?page_id=135#primaryimage\",\"url\":\"https:\/\/www.vivamedical.sk\/wp-content\/uploads\/2020\/03\/umyvacie-rukavice-1.jpg\",\"contentUrl\":\"https:\/\/www.vivamedical.sk\/wp-content\/uploads\/2020\/03\/umyvacie-rukavice-1.jpg\",\"width\":440,\"height\":442},{\"@type\":\"BreadcrumbList\",\"@id\":\"https:\/\/www.vivamedical.sk\/?page_id=135#breadcrumb\",\"itemListElement\":[{\"@type\":\"ListItem\",\"position\":1,\"name\":\"Home\",\"item\":\"https:\/\/www.vivamedical.sk\/\"},{\"@type\":\"ListItem\",\"position\":2,\"name\":\"Hygiena\",\"item\":\"https:\/\/www.vivamedical.sk\/?page_id=182\"},{\"@type\":\"ListItem\",\"position\":3,\"name\":\"Um\u00fdvacie rukavice\"}]},{\"@type\":\"WebSite\",\"@id\":\"https:\/\/www.vivamedical.sk\/#website\",\"url\":\"https:\/\/www.vivamedical.sk\/\",\"name\":\"Viva Medical s. r. o.\",\"description\":\"Zdravotn\u00edcke z\u00e1sobovanie\",\"potentialAction\":[{\"@type\":\"SearchAction\",\"target\":{\"@type\":\"EntryPoint\",\"urlTemplate\":\"https:\/\/www.vivamedical.sk\/?s={search_term_string}\"},\"query-input\":\"required name=search_term_string\"}],\"inLanguage\":\"sk-SK\"}]}<\/script>\n<!-- \/ Yoast SEO plugin. -->","yoast_head_json":{"title":"Um\u00fdvacie rukavice - Viva Medical s. r. o.","robots":{"index":"index","follow":"follow","max-snippet":"max-snippet:-1","max-image-preview":"max-image-preview:large","max-video-preview":"max-video-preview:-1"},"canonical":"https:\/\/www.vivamedical.sk\/?page_id=135","og_locale":"sk_SK","og_type":"article","og_title":"Um\u00fdvacie rukavice - Viva Medical s. r. o.","og_description":"Um\u00fdvacie rukavice Jednorazov\u00e9 um\u00fdvacie rukavice vyroben\u00e9 z netkanej text\u00edlie \u2013 tie\u017e spojen\u00e9 s polyetyl\u00e9nom \u2013 alebo v suchom papieri spojenom s polyetyl\u00e9nom alebo dokonca z mikrovl\u00e1kna. Jednorazov\u00e9 um\u00fdvacie rukavice s\u00fa ide\u00e1lne na um\u00fdvanie pacientov alebo na ich osobn\u00fa hygienu, na l\u00f4\u017ekov\u00fdch posteliach v nemocnici a na starostlivos\u0165 o star\u0161\u00edch \u013eud\u00ed. RUKAVICE s\u00fa navrhnut\u00e9 \u0161peci\u00e1lne pre [&hellip;]","og_url":"https:\/\/www.vivamedical.sk\/?page_id=135","og_site_name":"Viva Medical s. r. o.","article_modified_time":"2020-03-09T19:55:06+00:00","og_image":[{"url":"https:\/\/www.vivamedical.sk\/wp-content\/uploads\/2020\/03\/umyvacie-rukavice-1.jpg"}],"twitter_card":"summary_large_image","schema":{"@context":"https:\/\/schema.org","@graph":[{"@type":"WebPage","@id":"https:\/\/www.vivamedical.sk\/?page_id=135","url":"https:\/\/www.vivamedical.sk\/?page_id=135","name":"Um\u00fdvacie rukavice - Viva Medical s. r. o.","isPartOf":{"@id":"https:\/\/www.vivamedical.sk\/#website"},"primaryImageOfPage":{"@id":"https:\/\/www.vivamedical.sk\/?page_id=135#primaryimage"},"image":{"@id":"https:\/\/www.vivamedical.sk\/?page_id=135#primaryimage"},"thumbnailUrl":"https:\/\/www.vivamedical.sk\/wp-content\/uploads\/2020\/03\/umyvacie-rukavice-1.jpg","datePublished":"2020-03-09T15:06:41+00:00","dateModified":"2020-03-09T19:55:06+00:00","breadcrumb":{"@id":"https:\/\/www.vivamedical.sk\/?page_id=135#breadcrumb"},"inLanguage":"sk-SK","potentialAction":[{"@type":"ReadAction","target":["https:\/\/www.vivamedical.sk\/?page_id=135"]}]},{"@type":"ImageObject","inLanguage":"sk-SK","@id":"https:\/\/www.vivamedical.sk\/?page_id=135#primaryimage","url":"https:\/\/www.vivamedical.sk\/wp-content\/uploads\/2020\/03\/umyvacie-rukavice-1.jpg","contentUrl":"https:\/\/www.vivamedical.sk\/wp-content\/uploads\/2020\/03\/umyvacie-rukavice-1.jpg","width":440,"height":442},{"@type":"BreadcrumbList","@id":"https:\/\/www.vivamedical.sk\/?page_id=135#breadcrumb","itemListElement":[{"@type":"ListItem","position":1,"name":"Home","item":"https:\/\/www.vivamedical.sk\/"},{"@type":"ListItem","position":2,"name":"Hygiena","item":"https:\/\/www.vivamedical.sk\/?page_id=182"},{"@type":"ListItem","position":3,"name":"Um\u00fdvacie rukavice"}]},{"@type":"WebSite","@id":"https:\/\/www.vivamedical.sk\/#website","url":"https:\/\/www.vivamedical.sk\/","name":"Viva Medical s. r. o.","description":"Zdravotn\u00edcke z\u00e1sobovanie","potentialAction":[{"@type":"SearchAction","target":{"@type":"EntryPoint","urlTemplate":"https:\/\/www.vivamedical.sk\/?s={search_term_string}"},"query-input":"required name=search_term_string"}],"inLanguage":"sk-SK"}]}},"_links":{"self":[{"href":"https:\/\/www.vivamedical.sk\/index.php?rest_route=\/wp\/v2\/pages\/135"}],"collection":[{"href":"https:\/\/www.vivamedical.sk\/index.php?rest_route=\/wp\/v2\/pages"}],"about":[{"href":"https:\/\/www.vivamedical.sk\/index.php?rest_route=\/wp\/v2\/types\/page"}],"author":[{"embeddable":true,"href":"https:\/\/www.vivamedical.sk\/index.php?rest_route=\/wp\/v2\/users\/1"}],"replies":[{"embeddable":true,"href":"https:\/\/www.vivamedical.sk\/index.php?rest_route=%2Fwp%2Fv2%2Fcomments&post=135"}],"version-history":[{"count":3,"href":"https:\/\/www.vivamedical.sk\/index.php?rest_route=\/wp\/v2\/pages\/135\/revisions"}],"predecessor-version":[{"id":140,"href":"https:\/\/www.vivamedical.sk\/index.php?rest_route=\/wp\/v2\/pages\/135\/revisions\/140"}],"up":[{"embeddable":true,"href":"https:\/\/www.vivamedical.sk\/index.php?rest_route=\/wp\/v2\/pages\/182"}],"wp:attachment":[{"href":"https:\/\/www.vivamedical.sk\/index.php?rest_route=%2Fwp%2Fv2%2Fmedia&parent=135"}],"curies":[{"name":"wp","href":"https:\/\/api.w.org\/{rel}","templated":true}]}}