{"id":158,"date":"2020-03-09T20:23:46","date_gmt":"2020-03-09T19:23:46","guid":{"rendered":"https:\/\/www.vivamedical.sk\/?page_id=158"},"modified":"2020-03-09T20:23:47","modified_gmt":"2020-03-09T19:23:47","slug":"jednorazove-zubne-kefky","status":"publish","type":"page","link":"https:\/\/www.vivamedical.sk\/?page_id=158","title":{"rendered":"Jednorazov\u00e9 zubn\u00e9 kefky"},"content":{"rendered":"\n<div class=\"wp-block-media-text alignwide is-vertically-aligned-top\"><figure class=\"wp-block-media-text__media\"><img loading=\"lazy\" decoding=\"async\" width=\"1014\" height=\"302\" src=\"https:\/\/www.vivamedical.sk\/wp-content\/uploads\/2020\/03\/zubn\u00e9kefky.jpg\" alt=\"\" class=\"wp-image-159\" srcset=\"https:\/\/www.vivamedical.sk\/wp-content\/uploads\/2020\/03\/zubn\u00e9kefky.jpg 1014w, https:\/\/www.vivamedical.sk\/wp-content\/uploads\/2020\/03\/zubn\u00e9kefky-300x89.jpg 300w, https:\/\/www.vivamedical.sk\/wp-content\/uploads\/2020\/03\/zubn\u00e9kefky-768x229.jpg 768w, https:\/\/www.vivamedical.sk\/wp-content\/uploads\/2020\/03\/zubn\u00e9kefky-3x1.jpg 3w\" sizes=\"(max-width: 1014px) 100vw, 1014px\" \/><\/figure><div class=\"wp-block-media-text__content\">\n<p style=\"font-size:22px\"><strong>Jednorazov\u00e9 zubn\u00e9 kefky<\/strong><\/p>\n\n\n\n<p>Jednorazov\u00e9 zubn\u00e9 kefky s\u00fa balen\u00e9 jednotlivo, aby bola zaru\u010den\u00e1 maxim\u00e1lna hygiena. S\u00fa\u010das\u0165ou v\u00fdrobku s\u00fa hypoalerg\u00e9nne \u0161tetiny namo\u010den\u00e9 v zubnej paste.<\/p>\n<\/div><\/div>\n","protected":false},"excerpt":{"rendered":"<p>Jednorazov\u00e9 zubn\u00e9 kefky Jednorazov\u00e9 zubn\u00e9 kefky s\u00fa balen\u00e9 jednotlivo, aby bola zaru\u010den\u00e1 maxim\u00e1lna hygiena. S\u00fa\u010das\u0165ou v\u00fdrobku s\u00fa hypoalerg\u00e9nne \u0161tetiny namo\u010den\u00e9 v zubnej paste.<\/p>\n","protected":false},"author":1,"featured_media":0,"parent":125,"menu_order":0,"comment_status":"closed","ping_status":"closed","template":"page-templates\/full-width.php","meta":{"_monsterinsights_skip_tracking":false,"_monsterinsights_sitenote_active":false,"_monsterinsights_sitenote_note":"","_monsterinsights_sitenote_category":0,"footnotes":""},"yoast_head":"<!-- This site is optimized with the Yoast SEO plugin v22.3 - https:\/\/yoast.com\/wordpress\/plugins\/seo\/ -->\n<title>Jednorazov\u00e9 zubn\u00e9 kefky - Viva Medical s. r. o.<\/title>\n<meta name=\"robots\" content=\"index, follow, max-snippet:-1, max-image-preview:large, max-video-preview:-1\" \/>\n<link rel=\"canonical\" href=\"https:\/\/www.vivamedical.sk\/?page_id=158\" \/>\n<meta property=\"og:locale\" content=\"sk_SK\" \/>\n<meta property=\"og:type\" content=\"article\" \/>\n<meta property=\"og:title\" content=\"Jednorazov\u00e9 zubn\u00e9 kefky - Viva Medical s. r. o.\" \/>\n<meta property=\"og:description\" content=\"Jednorazov\u00e9 zubn\u00e9 kefky Jednorazov\u00e9 zubn\u00e9 kefky s\u00fa balen\u00e9 jednotlivo, aby bola zaru\u010den\u00e1 maxim\u00e1lna hygiena. S\u00fa\u010das\u0165ou v\u00fdrobku s\u00fa hypoalerg\u00e9nne \u0161tetiny namo\u010den\u00e9 v zubnej paste.\" \/>\n<meta property=\"og:url\" content=\"https:\/\/www.vivamedical.sk\/?page_id=158\" \/>\n<meta property=\"og:site_name\" content=\"Viva Medical s. r. o.\" \/>\n<meta property=\"article:modified_time\" content=\"2020-03-09T19:23:47+00:00\" \/>\n<meta property=\"og:image\" content=\"https:\/\/www.vivamedical.sk\/wp-content\/uploads\/2020\/03\/zubn\u00e9kefky.jpg\" \/>\n<meta name=\"twitter:card\" content=\"summary_large_image\" \/>\n<script type=\"application\/ld+json\" class=\"yoast-schema-graph\">{\"@context\":\"https:\/\/schema.org\",\"@graph\":[{\"@type\":\"WebPage\",\"@id\":\"https:\/\/www.vivamedical.sk\/?page_id=158\",\"url\":\"https:\/\/www.vivamedical.sk\/?page_id=158\",\"name\":\"Jednorazov\u00e9 zubn\u00e9 kefky - Viva Medical s. r. o.\",\"isPartOf\":{\"@id\":\"https:\/\/www.vivamedical.sk\/#website\"},\"datePublished\":\"2020-03-09T19:23:46+00:00\",\"dateModified\":\"2020-03-09T19:23:47+00:00\",\"breadcrumb\":{\"@id\":\"https:\/\/www.vivamedical.sk\/?page_id=158#breadcrumb\"},\"inLanguage\":\"sk-SK\",\"potentialAction\":[{\"@type\":\"ReadAction\",\"target\":[\"https:\/\/www.vivamedical.sk\/?page_id=158\"]}]},{\"@type\":\"BreadcrumbList\",\"@id\":\"https:\/\/www.vivamedical.sk\/?page_id=158#breadcrumb\",\"itemListElement\":[{\"@type\":\"ListItem\",\"position\":1,\"name\":\"Home\",\"item\":\"https:\/\/www.vivamedical.sk\/\"},{\"@type\":\"ListItem\",\"position\":2,\"name\":\"Medical\",\"item\":\"https:\/\/www.vivamedical.sk\/?page_id=125\"},{\"@type\":\"ListItem\",\"position\":3,\"name\":\"Jednorazov\u00e9 zubn\u00e9 kefky\"}]},{\"@type\":\"WebSite\",\"@id\":\"https:\/\/www.vivamedical.sk\/#website\",\"url\":\"https:\/\/www.vivamedical.sk\/\",\"name\":\"Viva Medical s. r. o.\",\"description\":\"Zdravotn\u00edcke z\u00e1sobovanie\",\"potentialAction\":[{\"@type\":\"SearchAction\",\"target\":{\"@type\":\"EntryPoint\",\"urlTemplate\":\"https:\/\/www.vivamedical.sk\/?s={search_term_string}\"},\"query-input\":\"required name=search_term_string\"}],\"inLanguage\":\"sk-SK\"}]}<\/script>\n<!-- \/ Yoast SEO plugin. -->","yoast_head_json":{"title":"Jednorazov\u00e9 zubn\u00e9 kefky - Viva Medical s. r. o.","robots":{"index":"index","follow":"follow","max-snippet":"max-snippet:-1","max-image-preview":"max-image-preview:large","max-video-preview":"max-video-preview:-1"},"canonical":"https:\/\/www.vivamedical.sk\/?page_id=158","og_locale":"sk_SK","og_type":"article","og_title":"Jednorazov\u00e9 zubn\u00e9 kefky - Viva Medical s. r. o.","og_description":"Jednorazov\u00e9 zubn\u00e9 kefky Jednorazov\u00e9 zubn\u00e9 kefky s\u00fa balen\u00e9 jednotlivo, aby bola zaru\u010den\u00e1 maxim\u00e1lna hygiena. S\u00fa\u010das\u0165ou v\u00fdrobku s\u00fa hypoalerg\u00e9nne \u0161tetiny namo\u010den\u00e9 v zubnej paste.","og_url":"https:\/\/www.vivamedical.sk\/?page_id=158","og_site_name":"Viva Medical s. r. o.","article_modified_time":"2020-03-09T19:23:47+00:00","og_image":[{"url":"https:\/\/www.vivamedical.sk\/wp-content\/uploads\/2020\/03\/zubn\u00e9kefky.jpg"}],"twitter_card":"summary_large_image","schema":{"@context":"https:\/\/schema.org","@graph":[{"@type":"WebPage","@id":"https:\/\/www.vivamedical.sk\/?page_id=158","url":"https:\/\/www.vivamedical.sk\/?page_id=158","name":"Jednorazov\u00e9 zubn\u00e9 kefky - Viva Medical s. r. o.","isPartOf":{"@id":"https:\/\/www.vivamedical.sk\/#website"},"datePublished":"2020-03-09T19:23:46+00:00","dateModified":"2020-03-09T19:23:47+00:00","breadcrumb":{"@id":"https:\/\/www.vivamedical.sk\/?page_id=158#breadcrumb"},"inLanguage":"sk-SK","potentialAction":[{"@type":"ReadAction","target":["https:\/\/www.vivamedical.sk\/?page_id=158"]}]},{"@type":"BreadcrumbList","@id":"https:\/\/www.vivamedical.sk\/?page_id=158#breadcrumb","itemListElement":[{"@type":"ListItem","position":1,"name":"Home","item":"https:\/\/www.vivamedical.sk\/"},{"@type":"ListItem","position":2,"name":"Medical","item":"https:\/\/www.vivamedical.sk\/?page_id=125"},{"@type":"ListItem","position":3,"name":"Jednorazov\u00e9 zubn\u00e9 kefky"}]},{"@type":"WebSite","@id":"https:\/\/www.vivamedical.sk\/#website","url":"https:\/\/www.vivamedical.sk\/","name":"Viva Medical s. r. o.","description":"Zdravotn\u00edcke z\u00e1sobovanie","potentialAction":[{"@type":"SearchAction","target":{"@type":"EntryPoint","urlTemplate":"https:\/\/www.vivamedical.sk\/?s={search_term_string}"},"query-input":"required name=search_term_string"}],"inLanguage":"sk-SK"}]}},"_links":{"self":[{"href":"https:\/\/www.vivamedical.sk\/index.php?rest_route=\/wp\/v2\/pages\/158"}],"collection":[{"href":"https:\/\/www.vivamedical.sk\/index.php?rest_route=\/wp\/v2\/pages"}],"about":[{"href":"https:\/\/www.vivamedical.sk\/index.php?rest_route=\/wp\/v2\/types\/page"}],"author":[{"embeddable":true,"href":"https:\/\/www.vivamedical.sk\/index.php?rest_route=\/wp\/v2\/users\/1"}],"replies":[{"embeddable":true,"href":"https:\/\/www.vivamedical.sk\/index.php?rest_route=%2Fwp%2Fv2%2Fcomments&post=158"}],"version-history":[{"count":1,"href":"https:\/\/www.vivamedical.sk\/index.php?rest_route=\/wp\/v2\/pages\/158\/revisions"}],"predecessor-version":[{"id":160,"href":"https:\/\/www.vivamedical.sk\/index.php?rest_route=\/wp\/v2\/pages\/158\/revisions\/160"}],"up":[{"embeddable":true,"href":"https:\/\/www.vivamedical.sk\/index.php?rest_route=\/wp\/v2\/pages\/125"}],"wp:attachment":[{"href":"https:\/\/www.vivamedical.sk\/index.php?rest_route=%2Fwp%2Fv2%2Fmedia&parent=158"}],"curies":[{"name":"wp","href":"https:\/\/api.w.org\/{rel}","templated":true}]}}