{"id":167,"date":"2020-03-09T20:30:53","date_gmt":"2020-03-09T19:30:53","guid":{"rendered":"https:\/\/www.vivamedical.sk\/?page_id=167"},"modified":"2020-03-09T20:30:53","modified_gmt":"2020-03-09T19:30:53","slug":"tip-spicky","status":"publish","type":"page","link":"https:\/\/www.vivamedical.sk\/?page_id=167","title":{"rendered":"TIP \/ \u0161pi\u010dky"},"content":{"rendered":"\n<div class=\"wp-block-media-text alignwide is-vertically-aligned-top\"><figure class=\"wp-block-media-text__media\"><img loading=\"lazy\" decoding=\"async\" width=\"499\" height=\"736\" src=\"https:\/\/www.vivamedical.sk\/wp-content\/uploads\/2020\/03\/\u0161pi\u010dky.jpg\" alt=\"\" class=\"wp-image-168\" srcset=\"https:\/\/www.vivamedical.sk\/wp-content\/uploads\/2020\/03\/\u0161pi\u010dky.jpg 499w, https:\/\/www.vivamedical.sk\/wp-content\/uploads\/2020\/03\/\u0161pi\u010dky-203x300.jpg 203w, https:\/\/www.vivamedical.sk\/wp-content\/uploads\/2020\/03\/\u0161pi\u010dky-1x1.jpg 1w\" sizes=\"(max-width: 499px) 100vw, 499px\" \/><\/figure><div class=\"wp-block-media-text__content\">\n<p style=\"font-size:22px\"><strong>TIP \/ \u0161pi\u010dky<\/strong><\/p>\n\n\n\n<p>Kanyly pou\u017e\u00edvan\u00e9 na dosiahnutie \u00fa\u010dinn\u00e9ho zmie\u0161ania a aplik\u00e1cie a na zabezpe\u010denie spr\u00e1vneho d\u00e1vkovania produktu.<\/p>\n<\/div><\/div>\n","protected":false},"excerpt":{"rendered":"<p>TIP \/ \u0161pi\u010dky Kanyly pou\u017e\u00edvan\u00e9 na dosiahnutie \u00fa\u010dinn\u00e9ho zmie\u0161ania a aplik\u00e1cie a na zabezpe\u010denie spr\u00e1vneho d\u00e1vkovania produktu.<\/p>\n","protected":false},"author":1,"featured_media":0,"parent":125,"menu_order":0,"comment_status":"closed","ping_status":"closed","template":"page-templates\/full-width.php","meta":{"_monsterinsights_skip_tracking":false,"_monsterinsights_sitenote_active":false,"_monsterinsights_sitenote_note":"","_monsterinsights_sitenote_category":0,"footnotes":""},"yoast_head":"<!-- This site is optimized with the Yoast SEO plugin v22.3 - https:\/\/yoast.com\/wordpress\/plugins\/seo\/ -->\n<title>TIP \/ \u0161pi\u010dky - Viva Medical s. r. o.<\/title>\n<meta name=\"robots\" content=\"index, follow, max-snippet:-1, max-image-preview:large, max-video-preview:-1\" \/>\n<link rel=\"canonical\" href=\"https:\/\/www.vivamedical.sk\/?page_id=167\" \/>\n<meta property=\"og:locale\" content=\"sk_SK\" \/>\n<meta property=\"og:type\" content=\"article\" \/>\n<meta property=\"og:title\" content=\"TIP \/ \u0161pi\u010dky - Viva Medical s. r. o.\" \/>\n<meta property=\"og:description\" content=\"TIP \/ \u0161pi\u010dky Kanyly pou\u017e\u00edvan\u00e9 na dosiahnutie \u00fa\u010dinn\u00e9ho zmie\u0161ania a aplik\u00e1cie a na zabezpe\u010denie spr\u00e1vneho d\u00e1vkovania produktu.\" \/>\n<meta property=\"og:url\" content=\"https:\/\/www.vivamedical.sk\/?page_id=167\" \/>\n<meta property=\"og:site_name\" content=\"Viva Medical s. r. o.\" \/>\n<meta property=\"og:image\" content=\"https:\/\/www.vivamedical.sk\/wp-content\/uploads\/2020\/03\/\u0161pi\u010dky.jpg\" \/>\n<meta name=\"twitter:card\" content=\"summary_large_image\" \/>\n<script type=\"application\/ld+json\" class=\"yoast-schema-graph\">{\"@context\":\"https:\/\/schema.org\",\"@graph\":[{\"@type\":\"WebPage\",\"@id\":\"https:\/\/www.vivamedical.sk\/?page_id=167\",\"url\":\"https:\/\/www.vivamedical.sk\/?page_id=167\",\"name\":\"TIP \/ \u0161pi\u010dky - Viva Medical s. r. o.\",\"isPartOf\":{\"@id\":\"https:\/\/www.vivamedical.sk\/#website\"},\"datePublished\":\"2020-03-09T19:30:53+00:00\",\"dateModified\":\"2020-03-09T19:30:53+00:00\",\"breadcrumb\":{\"@id\":\"https:\/\/www.vivamedical.sk\/?page_id=167#breadcrumb\"},\"inLanguage\":\"sk-SK\",\"potentialAction\":[{\"@type\":\"ReadAction\",\"target\":[\"https:\/\/www.vivamedical.sk\/?page_id=167\"]}]},{\"@type\":\"BreadcrumbList\",\"@id\":\"https:\/\/www.vivamedical.sk\/?page_id=167#breadcrumb\",\"itemListElement\":[{\"@type\":\"ListItem\",\"position\":1,\"name\":\"Home\",\"item\":\"https:\/\/www.vivamedical.sk\/\"},{\"@type\":\"ListItem\",\"position\":2,\"name\":\"Medical\",\"item\":\"https:\/\/www.vivamedical.sk\/?page_id=125\"},{\"@type\":\"ListItem\",\"position\":3,\"name\":\"TIP \/ \u0161pi\u010dky\"}]},{\"@type\":\"WebSite\",\"@id\":\"https:\/\/www.vivamedical.sk\/#website\",\"url\":\"https:\/\/www.vivamedical.sk\/\",\"name\":\"Viva Medical s. r. o.\",\"description\":\"Zdravotn\u00edcke z\u00e1sobovanie\",\"potentialAction\":[{\"@type\":\"SearchAction\",\"target\":{\"@type\":\"EntryPoint\",\"urlTemplate\":\"https:\/\/www.vivamedical.sk\/?s={search_term_string}\"},\"query-input\":\"required name=search_term_string\"}],\"inLanguage\":\"sk-SK\"}]}<\/script>\n<!-- \/ Yoast SEO plugin. -->","yoast_head_json":{"title":"TIP \/ \u0161pi\u010dky - Viva Medical s. r. o.","robots":{"index":"index","follow":"follow","max-snippet":"max-snippet:-1","max-image-preview":"max-image-preview:large","max-video-preview":"max-video-preview:-1"},"canonical":"https:\/\/www.vivamedical.sk\/?page_id=167","og_locale":"sk_SK","og_type":"article","og_title":"TIP \/ \u0161pi\u010dky - Viva Medical s. r. o.","og_description":"TIP \/ \u0161pi\u010dky Kanyly pou\u017e\u00edvan\u00e9 na dosiahnutie \u00fa\u010dinn\u00e9ho zmie\u0161ania a aplik\u00e1cie a na zabezpe\u010denie spr\u00e1vneho d\u00e1vkovania produktu.","og_url":"https:\/\/www.vivamedical.sk\/?page_id=167","og_site_name":"Viva Medical s. r. o.","og_image":[{"url":"https:\/\/www.vivamedical.sk\/wp-content\/uploads\/2020\/03\/\u0161pi\u010dky.jpg"}],"twitter_card":"summary_large_image","schema":{"@context":"https:\/\/schema.org","@graph":[{"@type":"WebPage","@id":"https:\/\/www.vivamedical.sk\/?page_id=167","url":"https:\/\/www.vivamedical.sk\/?page_id=167","name":"TIP \/ \u0161pi\u010dky - Viva Medical s. r. o.","isPartOf":{"@id":"https:\/\/www.vivamedical.sk\/#website"},"datePublished":"2020-03-09T19:30:53+00:00","dateModified":"2020-03-09T19:30:53+00:00","breadcrumb":{"@id":"https:\/\/www.vivamedical.sk\/?page_id=167#breadcrumb"},"inLanguage":"sk-SK","potentialAction":[{"@type":"ReadAction","target":["https:\/\/www.vivamedical.sk\/?page_id=167"]}]},{"@type":"BreadcrumbList","@id":"https:\/\/www.vivamedical.sk\/?page_id=167#breadcrumb","itemListElement":[{"@type":"ListItem","position":1,"name":"Home","item":"https:\/\/www.vivamedical.sk\/"},{"@type":"ListItem","position":2,"name":"Medical","item":"https:\/\/www.vivamedical.sk\/?page_id=125"},{"@type":"ListItem","position":3,"name":"TIP \/ \u0161pi\u010dky"}]},{"@type":"WebSite","@id":"https:\/\/www.vivamedical.sk\/#website","url":"https:\/\/www.vivamedical.sk\/","name":"Viva Medical s. r. o.","description":"Zdravotn\u00edcke z\u00e1sobovanie","potentialAction":[{"@type":"SearchAction","target":{"@type":"EntryPoint","urlTemplate":"https:\/\/www.vivamedical.sk\/?s={search_term_string}"},"query-input":"required name=search_term_string"}],"inLanguage":"sk-SK"}]}},"_links":{"self":[{"href":"https:\/\/www.vivamedical.sk\/index.php?rest_route=\/wp\/v2\/pages\/167"}],"collection":[{"href":"https:\/\/www.vivamedical.sk\/index.php?rest_route=\/wp\/v2\/pages"}],"about":[{"href":"https:\/\/www.vivamedical.sk\/index.php?rest_route=\/wp\/v2\/types\/page"}],"author":[{"embeddable":true,"href":"https:\/\/www.vivamedical.sk\/index.php?rest_route=\/wp\/v2\/users\/1"}],"replies":[{"embeddable":true,"href":"https:\/\/www.vivamedical.sk\/index.php?rest_route=%2Fwp%2Fv2%2Fcomments&post=167"}],"version-history":[{"count":1,"href":"https:\/\/www.vivamedical.sk\/index.php?rest_route=\/wp\/v2\/pages\/167\/revisions"}],"predecessor-version":[{"id":169,"href":"https:\/\/www.vivamedical.sk\/index.php?rest_route=\/wp\/v2\/pages\/167\/revisions\/169"}],"up":[{"embeddable":true,"href":"https:\/\/www.vivamedical.sk\/index.php?rest_route=\/wp\/v2\/pages\/125"}],"wp:attachment":[{"href":"https:\/\/www.vivamedical.sk\/index.php?rest_route=%2Fwp%2Fv2%2Fmedia&parent=167"}],"curies":[{"name":"wp","href":"https:\/\/api.w.org\/{rel}","templated":true}]}}