{"id":179,"date":"2020-03-09T20:38:46","date_gmt":"2020-03-09T19:38:46","guid":{"rendered":"https:\/\/www.vivamedical.sk\/?page_id=179"},"modified":"2020-03-09T20:54:30","modified_gmt":"2020-03-09T19:54:30","slug":"dekontaminacne-rohoze","status":"publish","type":"page","link":"https:\/\/www.vivamedical.sk\/?page_id=179","title":{"rendered":"Dekontamina\u010dn\u00e9 roho\u017ee"},"content":{"rendered":"\n<div class=\"wp-block-media-text alignwide is-vertically-aligned-top\"><figure class=\"wp-block-media-text__media\"><img loading=\"lazy\" decoding=\"async\" width=\"781\" height=\"484\" src=\"https:\/\/www.vivamedical.sk\/wp-content\/uploads\/2020\/03\/roho\u017ee.jpg\" alt=\"\" class=\"wp-image-180\" srcset=\"https:\/\/www.vivamedical.sk\/wp-content\/uploads\/2020\/03\/roho\u017ee.jpg 781w, https:\/\/www.vivamedical.sk\/wp-content\/uploads\/2020\/03\/roho\u017ee-300x186.jpg 300w, https:\/\/www.vivamedical.sk\/wp-content\/uploads\/2020\/03\/roho\u017ee-768x476.jpg 768w, https:\/\/www.vivamedical.sk\/wp-content\/uploads\/2020\/03\/roho\u017ee-2x1.jpg 2w\" sizes=\"(max-width: 781px) 100vw, 781px\" \/><\/figure><div class=\"wp-block-media-text__content\">\n<p style=\"font-size:22px\"><strong>Dekontamina\u010dn\u00e9 roho\u017ee<\/strong><\/p>\n\n\n\n<p>Dekontamina\u010dn\u00e9 roho\u017ee s\u00fa vybaven\u00e9 bakteriostatick\u00fdm a bakteric\u00eddnym \u010dinidlom. V\u00fdrobok sa sklad\u00e1 z 30 o\u010d\u00edslovan\u00fdch f\u00f3li\u00ed a praktick\u00e9ho lepidla na jeho pripevnenie k podlahe.<\/p>\n\n\n\n<p><strong>Rozmery : <\/strong>115x45cm<\/p>\n\n\n\n<p><strong>Farba :<\/strong> modr\u00e9<\/p>\n<\/div><\/div>\n","protected":false},"excerpt":{"rendered":"<p>Dekontamina\u010dn\u00e9 roho\u017ee Dekontamina\u010dn\u00e9 roho\u017ee s\u00fa vybaven\u00e9 bakteriostatick\u00fdm a bakteric\u00eddnym \u010dinidlom. V\u00fdrobok sa sklad\u00e1 z 30 o\u010d\u00edslovan\u00fdch f\u00f3li\u00ed a praktick\u00e9ho lepidla na jeho pripevnenie k podlahe. Rozmery : 115x45cm Farba : modr\u00e9<\/p>\n","protected":false},"author":1,"featured_media":0,"parent":182,"menu_order":0,"comment_status":"closed","ping_status":"closed","template":"page-templates\/full-width.php","meta":{"_monsterinsights_skip_tracking":false,"_monsterinsights_sitenote_active":false,"_monsterinsights_sitenote_note":"","_monsterinsights_sitenote_category":0,"footnotes":""},"yoast_head":"<!-- This site is optimized with the Yoast SEO plugin v22.3 - https:\/\/yoast.com\/wordpress\/plugins\/seo\/ -->\n<title>Dekontamina\u010dn\u00e9 roho\u017ee - Viva Medical s. r. o.<\/title>\n<meta name=\"robots\" content=\"index, follow, max-snippet:-1, max-image-preview:large, max-video-preview:-1\" \/>\n<link rel=\"canonical\" href=\"https:\/\/www.vivamedical.sk\/?page_id=179\" \/>\n<meta property=\"og:locale\" content=\"sk_SK\" \/>\n<meta property=\"og:type\" content=\"article\" \/>\n<meta property=\"og:title\" content=\"Dekontamina\u010dn\u00e9 roho\u017ee - Viva Medical s. r. o.\" \/>\n<meta property=\"og:description\" content=\"Dekontamina\u010dn\u00e9 roho\u017ee Dekontamina\u010dn\u00e9 roho\u017ee s\u00fa vybaven\u00e9 bakteriostatick\u00fdm a bakteric\u00eddnym \u010dinidlom. V\u00fdrobok sa sklad\u00e1 z 30 o\u010d\u00edslovan\u00fdch f\u00f3li\u00ed a praktick\u00e9ho lepidla na jeho pripevnenie k podlahe. Rozmery : 115x45cm Farba : modr\u00e9\" \/>\n<meta property=\"og:url\" content=\"https:\/\/www.vivamedical.sk\/?page_id=179\" \/>\n<meta property=\"og:site_name\" content=\"Viva Medical s. r. o.\" \/>\n<meta property=\"article:modified_time\" content=\"2020-03-09T19:54:30+00:00\" \/>\n<meta property=\"og:image\" content=\"https:\/\/www.vivamedical.sk\/wp-content\/uploads\/2020\/03\/roho\u017ee.jpg\" \/>\n<meta name=\"twitter:card\" content=\"summary_large_image\" \/>\n<script type=\"application\/ld+json\" class=\"yoast-schema-graph\">{\"@context\":\"https:\/\/schema.org\",\"@graph\":[{\"@type\":\"WebPage\",\"@id\":\"https:\/\/www.vivamedical.sk\/?page_id=179\",\"url\":\"https:\/\/www.vivamedical.sk\/?page_id=179\",\"name\":\"Dekontamina\u010dn\u00e9 roho\u017ee - Viva Medical s. r. o.\",\"isPartOf\":{\"@id\":\"https:\/\/www.vivamedical.sk\/#website\"},\"datePublished\":\"2020-03-09T19:38:46+00:00\",\"dateModified\":\"2020-03-09T19:54:30+00:00\",\"breadcrumb\":{\"@id\":\"https:\/\/www.vivamedical.sk\/?page_id=179#breadcrumb\"},\"inLanguage\":\"sk-SK\",\"potentialAction\":[{\"@type\":\"ReadAction\",\"target\":[\"https:\/\/www.vivamedical.sk\/?page_id=179\"]}]},{\"@type\":\"BreadcrumbList\",\"@id\":\"https:\/\/www.vivamedical.sk\/?page_id=179#breadcrumb\",\"itemListElement\":[{\"@type\":\"ListItem\",\"position\":1,\"name\":\"Home\",\"item\":\"https:\/\/www.vivamedical.sk\/\"},{\"@type\":\"ListItem\",\"position\":2,\"name\":\"Hygiena\",\"item\":\"https:\/\/www.vivamedical.sk\/?page_id=182\"},{\"@type\":\"ListItem\",\"position\":3,\"name\":\"Dekontamina\u010dn\u00e9 roho\u017ee\"}]},{\"@type\":\"WebSite\",\"@id\":\"https:\/\/www.vivamedical.sk\/#website\",\"url\":\"https:\/\/www.vivamedical.sk\/\",\"name\":\"Viva Medical s. r. o.\",\"description\":\"Zdravotn\u00edcke z\u00e1sobovanie\",\"potentialAction\":[{\"@type\":\"SearchAction\",\"target\":{\"@type\":\"EntryPoint\",\"urlTemplate\":\"https:\/\/www.vivamedical.sk\/?s={search_term_string}\"},\"query-input\":\"required name=search_term_string\"}],\"inLanguage\":\"sk-SK\"}]}<\/script>\n<!-- \/ Yoast SEO plugin. -->","yoast_head_json":{"title":"Dekontamina\u010dn\u00e9 roho\u017ee - Viva Medical s. r. o.","robots":{"index":"index","follow":"follow","max-snippet":"max-snippet:-1","max-image-preview":"max-image-preview:large","max-video-preview":"max-video-preview:-1"},"canonical":"https:\/\/www.vivamedical.sk\/?page_id=179","og_locale":"sk_SK","og_type":"article","og_title":"Dekontamina\u010dn\u00e9 roho\u017ee - Viva Medical s. r. o.","og_description":"Dekontamina\u010dn\u00e9 roho\u017ee Dekontamina\u010dn\u00e9 roho\u017ee s\u00fa vybaven\u00e9 bakteriostatick\u00fdm a bakteric\u00eddnym \u010dinidlom. V\u00fdrobok sa sklad\u00e1 z 30 o\u010d\u00edslovan\u00fdch f\u00f3li\u00ed a praktick\u00e9ho lepidla na jeho pripevnenie k podlahe. Rozmery : 115x45cm Farba : modr\u00e9","og_url":"https:\/\/www.vivamedical.sk\/?page_id=179","og_site_name":"Viva Medical s. r. o.","article_modified_time":"2020-03-09T19:54:30+00:00","og_image":[{"url":"https:\/\/www.vivamedical.sk\/wp-content\/uploads\/2020\/03\/roho\u017ee.jpg"}],"twitter_card":"summary_large_image","schema":{"@context":"https:\/\/schema.org","@graph":[{"@type":"WebPage","@id":"https:\/\/www.vivamedical.sk\/?page_id=179","url":"https:\/\/www.vivamedical.sk\/?page_id=179","name":"Dekontamina\u010dn\u00e9 roho\u017ee - Viva Medical s. r. o.","isPartOf":{"@id":"https:\/\/www.vivamedical.sk\/#website"},"datePublished":"2020-03-09T19:38:46+00:00","dateModified":"2020-03-09T19:54:30+00:00","breadcrumb":{"@id":"https:\/\/www.vivamedical.sk\/?page_id=179#breadcrumb"},"inLanguage":"sk-SK","potentialAction":[{"@type":"ReadAction","target":["https:\/\/www.vivamedical.sk\/?page_id=179"]}]},{"@type":"BreadcrumbList","@id":"https:\/\/www.vivamedical.sk\/?page_id=179#breadcrumb","itemListElement":[{"@type":"ListItem","position":1,"name":"Home","item":"https:\/\/www.vivamedical.sk\/"},{"@type":"ListItem","position":2,"name":"Hygiena","item":"https:\/\/www.vivamedical.sk\/?page_id=182"},{"@type":"ListItem","position":3,"name":"Dekontamina\u010dn\u00e9 roho\u017ee"}]},{"@type":"WebSite","@id":"https:\/\/www.vivamedical.sk\/#website","url":"https:\/\/www.vivamedical.sk\/","name":"Viva Medical s. r. o.","description":"Zdravotn\u00edcke z\u00e1sobovanie","potentialAction":[{"@type":"SearchAction","target":{"@type":"EntryPoint","urlTemplate":"https:\/\/www.vivamedical.sk\/?s={search_term_string}"},"query-input":"required name=search_term_string"}],"inLanguage":"sk-SK"}]}},"_links":{"self":[{"href":"https:\/\/www.vivamedical.sk\/index.php?rest_route=\/wp\/v2\/pages\/179"}],"collection":[{"href":"https:\/\/www.vivamedical.sk\/index.php?rest_route=\/wp\/v2\/pages"}],"about":[{"href":"https:\/\/www.vivamedical.sk\/index.php?rest_route=\/wp\/v2\/types\/page"}],"author":[{"embeddable":true,"href":"https:\/\/www.vivamedical.sk\/index.php?rest_route=\/wp\/v2\/users\/1"}],"replies":[{"embeddable":true,"href":"https:\/\/www.vivamedical.sk\/index.php?rest_route=%2Fwp%2Fv2%2Fcomments&post=179"}],"version-history":[{"count":1,"href":"https:\/\/www.vivamedical.sk\/index.php?rest_route=\/wp\/v2\/pages\/179\/revisions"}],"predecessor-version":[{"id":181,"href":"https:\/\/www.vivamedical.sk\/index.php?rest_route=\/wp\/v2\/pages\/179\/revisions\/181"}],"up":[{"embeddable":true,"href":"https:\/\/www.vivamedical.sk\/index.php?rest_route=\/wp\/v2\/pages\/182"}],"wp:attachment":[{"href":"https:\/\/www.vivamedical.sk\/index.php?rest_route=%2Fwp%2Fv2%2Fmedia&parent=179"}],"curies":[{"name":"wp","href":"https:\/\/api.w.org\/{rel}","templated":true}]}}