{"id":187,"date":"2020-03-09T20:48:54","date_gmt":"2020-03-09T19:48:54","guid":{"rendered":"https:\/\/www.vivamedical.sk\/?page_id=187"},"modified":"2020-03-09T20:50:33","modified_gmt":"2020-03-09T19:50:33","slug":"ciapky","status":"publish","type":"page","link":"https:\/\/www.vivamedical.sk\/?page_id=187","title":{"rendered":"\u010ciapky"},"content":{"rendered":"\n<div class=\"wp-block-media-text alignwide is-vertically-aligned-top\"><figure class=\"wp-block-media-text__media\"><img loading=\"lazy\" decoding=\"async\" width=\"504\" height=\"655\" src=\"https:\/\/www.vivamedical.sk\/wp-content\/uploads\/2020\/03\/\u010diapky.jpg\" alt=\"\" class=\"wp-image-188\" srcset=\"https:\/\/www.vivamedical.sk\/wp-content\/uploads\/2020\/03\/\u010diapky.jpg 504w, https:\/\/www.vivamedical.sk\/wp-content\/uploads\/2020\/03\/\u010diapky-231x300.jpg 231w, https:\/\/www.vivamedical.sk\/wp-content\/uploads\/2020\/03\/\u010diapky-1x1.jpg 1w\" sizes=\"(max-width: 504px) 100vw, 504px\" \/><\/figure><div class=\"wp-block-media-text__content\">\n<p style=\"font-size:22px\"><strong>\u010ciapky<\/strong><\/p>\n\n\n\n<p><strong>Jednorazov\u00e9 \u010diapky so \u0161n\u00farkami<\/strong><br>\u010ciapka so \u0161n\u00farkami je typ lek\u00e1rskeho krytu hlavy vyroben\u00fd z polypropyl\u00e9nu TNT18 g \/ m2. Lek\u00e1rske \u010diapky na hlavu s\u00fa ide\u00e1lne na zabr\u00e1nenie padania vlasov a kontamin\u00e1cii \u017eivotn\u00e9ho prostredia choroboplodn\u00fdmi z\u00e1rodkami, ktor\u00e9 vytv\u00e1raj\u00fa potenci\u00e1lne hygienick\u00e9 riziko pre sterilizovan\u00e9 prostredie. \u00da\u010delom je v skuto\u010dnosti udr\u017eiava\u0165 sterilizovan\u00fa opera\u010dn\u00fa miestnos\u0165 a miesta oper\u00e1cie a bez akejko\u013evek kontamin\u00e1cie. V z\u00e1vislosti od r\u00f4znych pr\u00edpadov sa m\u00f4\u017ee od pacienta vy\u017eadova\u0165, aby nosil lek\u00e1rsku \u010diapku.<br><strong>Farby : <\/strong>zelen\u00e1, svetlo modr\u00e1<br><br> <strong>Jednorazov\u00e9 elastick\u00e9 \u010diapky<\/strong> Elastick\u00e9 \u010diapky s\u00fa vybaven\u00e9 elastick\u00fdm materi\u00e1lom, ktor\u00fd dokonale padne do akejko\u013evek ve\u013ekosti hlavy. \u010ciapka je vyroben\u00e1 v TNT12g \/ m2 a je ide\u00e1lna na zhroma\u017edenie vlasov pacienta alebo oper\u00e1tora, aby sa zabr\u00e1nilo padaniu a \u0161\u00edreniu z\u00e1rodkov z vlasov alebo poko\u017eky hlavy pred kontamin\u00e1ciou \u017eivotn\u00e9ho prostredia.<br><strong>Farby :<\/strong> zelen\u00e1, modr\u00e1, biela, oran\u017eov\u00e1, fialov\u00e1, \u010derstv\u00e1 zelen\u00e1<br> <\/p>\n<\/div><\/div>\n","protected":false},"excerpt":{"rendered":"<p>\u010ciapky Jednorazov\u00e9 \u010diapky so \u0161n\u00farkami\u010ciapka so \u0161n\u00farkami je typ lek\u00e1rskeho krytu hlavy vyroben\u00fd z polypropyl\u00e9nu TNT18 g \/ m2. Lek\u00e1rske \u010diapky na hlavu s\u00fa ide\u00e1lne na zabr\u00e1nenie padania vlasov a kontamin\u00e1cii \u017eivotn\u00e9ho prostredia choroboplodn\u00fdmi z\u00e1rodkami, ktor\u00e9 vytv\u00e1raj\u00fa potenci\u00e1lne hygienick\u00e9 riziko pre sterilizovan\u00e9 prostredie. \u00da\u010delom je v skuto\u010dnosti udr\u017eiava\u0165 sterilizovan\u00fa opera\u010dn\u00fa miestnos\u0165 a miesta oper\u00e1cie a [&hellip;]<\/p>\n","protected":false},"author":1,"featured_media":0,"parent":182,"menu_order":0,"comment_status":"closed","ping_status":"closed","template":"page-templates\/full-width.php","meta":{"_monsterinsights_skip_tracking":false,"_monsterinsights_sitenote_active":false,"_monsterinsights_sitenote_note":"","_monsterinsights_sitenote_category":0,"footnotes":""},"yoast_head":"<!-- This site is optimized with the Yoast SEO plugin v22.3 - https:\/\/yoast.com\/wordpress\/plugins\/seo\/ -->\n<title>\u010ciapky - Viva Medical s. r. o.<\/title>\n<meta name=\"robots\" content=\"index, follow, max-snippet:-1, max-image-preview:large, max-video-preview:-1\" \/>\n<link rel=\"canonical\" href=\"https:\/\/www.vivamedical.sk\/?page_id=187\" \/>\n<meta property=\"og:locale\" content=\"sk_SK\" \/>\n<meta property=\"og:type\" content=\"article\" \/>\n<meta property=\"og:title\" content=\"\u010ciapky - Viva Medical s. r. o.\" \/>\n<meta property=\"og:description\" content=\"\u010ciapky Jednorazov\u00e9 \u010diapky so \u0161n\u00farkami\u010ciapka so \u0161n\u00farkami je typ lek\u00e1rskeho krytu hlavy vyroben\u00fd z polypropyl\u00e9nu TNT18 g \/ m2. Lek\u00e1rske \u010diapky na hlavu s\u00fa ide\u00e1lne na zabr\u00e1nenie padania vlasov a kontamin\u00e1cii \u017eivotn\u00e9ho prostredia choroboplodn\u00fdmi z\u00e1rodkami, ktor\u00e9 vytv\u00e1raj\u00fa potenci\u00e1lne hygienick\u00e9 riziko pre sterilizovan\u00e9 prostredie. \u00da\u010delom je v skuto\u010dnosti udr\u017eiava\u0165 sterilizovan\u00fa opera\u010dn\u00fa miestnos\u0165 a miesta oper\u00e1cie a [&hellip;]\" \/>\n<meta property=\"og:url\" content=\"https:\/\/www.vivamedical.sk\/?page_id=187\" \/>\n<meta property=\"og:site_name\" content=\"Viva Medical s. r. o.\" \/>\n<meta property=\"article:modified_time\" content=\"2020-03-09T19:50:33+00:00\" \/>\n<meta property=\"og:image\" content=\"https:\/\/www.vivamedical.sk\/wp-content\/uploads\/2020\/03\/\u010diapky.jpg\" \/>\n<meta name=\"twitter:card\" content=\"summary_large_image\" \/>\n<meta name=\"twitter:label1\" content=\"Predpokladan\u00fd \u010das \u010d\u00edtania\" \/>\n\t<meta name=\"twitter:data1\" content=\"1 min\u00fata\" \/>\n<script type=\"application\/ld+json\" class=\"yoast-schema-graph\">{\"@context\":\"https:\/\/schema.org\",\"@graph\":[{\"@type\":\"WebPage\",\"@id\":\"https:\/\/www.vivamedical.sk\/?page_id=187\",\"url\":\"https:\/\/www.vivamedical.sk\/?page_id=187\",\"name\":\"\u010ciapky - Viva Medical s. r. o.\",\"isPartOf\":{\"@id\":\"https:\/\/www.vivamedical.sk\/#website\"},\"datePublished\":\"2020-03-09T19:48:54+00:00\",\"dateModified\":\"2020-03-09T19:50:33+00:00\",\"breadcrumb\":{\"@id\":\"https:\/\/www.vivamedical.sk\/?page_id=187#breadcrumb\"},\"inLanguage\":\"sk-SK\",\"potentialAction\":[{\"@type\":\"ReadAction\",\"target\":[\"https:\/\/www.vivamedical.sk\/?page_id=187\"]}]},{\"@type\":\"BreadcrumbList\",\"@id\":\"https:\/\/www.vivamedical.sk\/?page_id=187#breadcrumb\",\"itemListElement\":[{\"@type\":\"ListItem\",\"position\":1,\"name\":\"Home\",\"item\":\"https:\/\/www.vivamedical.sk\/\"},{\"@type\":\"ListItem\",\"position\":2,\"name\":\"Hygiena\",\"item\":\"https:\/\/www.vivamedical.sk\/?page_id=182\"},{\"@type\":\"ListItem\",\"position\":3,\"name\":\"\u010ciapky\"}]},{\"@type\":\"WebSite\",\"@id\":\"https:\/\/www.vivamedical.sk\/#website\",\"url\":\"https:\/\/www.vivamedical.sk\/\",\"name\":\"Viva Medical s. r. o.\",\"description\":\"Zdravotn\u00edcke z\u00e1sobovanie\",\"potentialAction\":[{\"@type\":\"SearchAction\",\"target\":{\"@type\":\"EntryPoint\",\"urlTemplate\":\"https:\/\/www.vivamedical.sk\/?s={search_term_string}\"},\"query-input\":\"required name=search_term_string\"}],\"inLanguage\":\"sk-SK\"}]}<\/script>\n<!-- \/ Yoast SEO plugin. -->","yoast_head_json":{"title":"\u010ciapky - Viva Medical s. r. o.","robots":{"index":"index","follow":"follow","max-snippet":"max-snippet:-1","max-image-preview":"max-image-preview:large","max-video-preview":"max-video-preview:-1"},"canonical":"https:\/\/www.vivamedical.sk\/?page_id=187","og_locale":"sk_SK","og_type":"article","og_title":"\u010ciapky - Viva Medical s. r. o.","og_description":"\u010ciapky Jednorazov\u00e9 \u010diapky so \u0161n\u00farkami\u010ciapka so \u0161n\u00farkami je typ lek\u00e1rskeho krytu hlavy vyroben\u00fd z polypropyl\u00e9nu TNT18 g \/ m2. Lek\u00e1rske \u010diapky na hlavu s\u00fa ide\u00e1lne na zabr\u00e1nenie padania vlasov a kontamin\u00e1cii \u017eivotn\u00e9ho prostredia choroboplodn\u00fdmi z\u00e1rodkami, ktor\u00e9 vytv\u00e1raj\u00fa potenci\u00e1lne hygienick\u00e9 riziko pre sterilizovan\u00e9 prostredie. \u00da\u010delom je v skuto\u010dnosti udr\u017eiava\u0165 sterilizovan\u00fa opera\u010dn\u00fa miestnos\u0165 a miesta oper\u00e1cie a [&hellip;]","og_url":"https:\/\/www.vivamedical.sk\/?page_id=187","og_site_name":"Viva Medical s. r. o.","article_modified_time":"2020-03-09T19:50:33+00:00","og_image":[{"url":"https:\/\/www.vivamedical.sk\/wp-content\/uploads\/2020\/03\/\u010diapky.jpg"}],"twitter_card":"summary_large_image","twitter_misc":{"Predpokladan\u00fd \u010das \u010d\u00edtania":"1 min\u00fata"},"schema":{"@context":"https:\/\/schema.org","@graph":[{"@type":"WebPage","@id":"https:\/\/www.vivamedical.sk\/?page_id=187","url":"https:\/\/www.vivamedical.sk\/?page_id=187","name":"\u010ciapky - Viva Medical s. r. o.","isPartOf":{"@id":"https:\/\/www.vivamedical.sk\/#website"},"datePublished":"2020-03-09T19:48:54+00:00","dateModified":"2020-03-09T19:50:33+00:00","breadcrumb":{"@id":"https:\/\/www.vivamedical.sk\/?page_id=187#breadcrumb"},"inLanguage":"sk-SK","potentialAction":[{"@type":"ReadAction","target":["https:\/\/www.vivamedical.sk\/?page_id=187"]}]},{"@type":"BreadcrumbList","@id":"https:\/\/www.vivamedical.sk\/?page_id=187#breadcrumb","itemListElement":[{"@type":"ListItem","position":1,"name":"Home","item":"https:\/\/www.vivamedical.sk\/"},{"@type":"ListItem","position":2,"name":"Hygiena","item":"https:\/\/www.vivamedical.sk\/?page_id=182"},{"@type":"ListItem","position":3,"name":"\u010ciapky"}]},{"@type":"WebSite","@id":"https:\/\/www.vivamedical.sk\/#website","url":"https:\/\/www.vivamedical.sk\/","name":"Viva Medical s. r. o.","description":"Zdravotn\u00edcke z\u00e1sobovanie","potentialAction":[{"@type":"SearchAction","target":{"@type":"EntryPoint","urlTemplate":"https:\/\/www.vivamedical.sk\/?s={search_term_string}"},"query-input":"required name=search_term_string"}],"inLanguage":"sk-SK"}]}},"_links":{"self":[{"href":"https:\/\/www.vivamedical.sk\/index.php?rest_route=\/wp\/v2\/pages\/187"}],"collection":[{"href":"https:\/\/www.vivamedical.sk\/index.php?rest_route=\/wp\/v2\/pages"}],"about":[{"href":"https:\/\/www.vivamedical.sk\/index.php?rest_route=\/wp\/v2\/types\/page"}],"author":[{"embeddable":true,"href":"https:\/\/www.vivamedical.sk\/index.php?rest_route=\/wp\/v2\/users\/1"}],"replies":[{"embeddable":true,"href":"https:\/\/www.vivamedical.sk\/index.php?rest_route=%2Fwp%2Fv2%2Fcomments&post=187"}],"version-history":[{"count":2,"href":"https:\/\/www.vivamedical.sk\/index.php?rest_route=\/wp\/v2\/pages\/187\/revisions"}],"predecessor-version":[{"id":190,"href":"https:\/\/www.vivamedical.sk\/index.php?rest_route=\/wp\/v2\/pages\/187\/revisions\/190"}],"up":[{"embeddable":true,"href":"https:\/\/www.vivamedical.sk\/index.php?rest_route=\/wp\/v2\/pages\/182"}],"wp:attachment":[{"href":"https:\/\/www.vivamedical.sk\/index.php?rest_route=%2Fwp%2Fv2%2Fmedia&parent=187"}],"curies":[{"name":"wp","href":"https:\/\/api.w.org\/{rel}","templated":true}]}}