{"id":194,"date":"2020-03-09T20:57:28","date_gmt":"2020-03-09T19:57:28","guid":{"rendered":"https:\/\/www.vivamedical.sk\/?page_id=194"},"modified":"2020-03-09T20:57:28","modified_gmt":"2020-03-09T19:57:28","slug":"plaste","status":"publish","type":"page","link":"https:\/\/www.vivamedical.sk\/?page_id=194","title":{"rendered":"Pl\u00e1\u0161te"},"content":{"rendered":"\n<div class=\"wp-block-media-text alignwide is-vertically-aligned-top\"><figure class=\"wp-block-media-text__media\"><img loading=\"lazy\" decoding=\"async\" width=\"1024\" height=\"442\" src=\"https:\/\/www.vivamedical.sk\/wp-content\/uploads\/2020\/03\/pl\u00e1\u0161te-1024x442.jpg\" alt=\"\" class=\"wp-image-195\" srcset=\"https:\/\/www.vivamedical.sk\/wp-content\/uploads\/2020\/03\/pl\u00e1\u0161te-1024x442.jpg 1024w, https:\/\/www.vivamedical.sk\/wp-content\/uploads\/2020\/03\/pl\u00e1\u0161te-300x129.jpg 300w, https:\/\/www.vivamedical.sk\/wp-content\/uploads\/2020\/03\/pl\u00e1\u0161te-768x331.jpg 768w, https:\/\/www.vivamedical.sk\/wp-content\/uploads\/2020\/03\/pl\u00e1\u0161te-2x1.jpg 2w, https:\/\/www.vivamedical.sk\/wp-content\/uploads\/2020\/03\/pl\u00e1\u0161te.jpg 1104w\" sizes=\"(max-width: 1024px) 100vw, 1024px\" \/><\/figure><div class=\"wp-block-media-text__content\">\n<p style=\"font-size:22px\"><strong>Pl\u00e1\u0161te<\/strong><\/p>\n\n\n\n<p>Jednodielne p\u00e1sov\u00e9 pl\u00e1\u0161\u0165e so zap\u00ednan\u00edm na krk a bavlnen\u00fdmi man\u017eetami. Zais\u0165uj\u00fa maxim\u00e1lnu bezpe\u010dnos\u0165 a absorpciu a poskytuj\u00fa \u00fapln\u00e9 krytie lek\u00e1rom a pacientom. Chirurgick\u00e9 pl\u00e1\u0161te s\u00fa pohodln\u00e9, jednorazov\u00e9 pl\u00e1\u0161te vyroben\u00e9 v SMS s hmotnos\u0165ou 45 g \/ m2, \u0161peci\u00e1lny materi\u00e1l, ktor\u00fd zaru\u010duje m\u00e4kkos\u0165 aj vysok\u00fa odolnos\u0165. Tieto jednorazov\u00e9 pl\u00e1\u0161te s\u00fa v\u010faka svojim vynikaj\u00facim transpira\u010dn\u00fdm vlastnostiam a odolnosti schopn\u00e9 poskytova\u0165 pohodlie a primeran\u00fa ochranu. Pl\u00e1\u0161te, ktor\u00e9 odpudzuj\u00fa vodu, zais\u0165uj\u00fa n\u00edzku r\u00fdchlos\u0165 uvo\u013e\u0148ovania \u010dast\u00edc a s\u00fa vhodn\u00e9 na r\u00f4zne typy oper\u00e1ci\u00ed, s vysok\u00fdm a n\u00edzkym rizikom infekcie a prenikania tekutinami.<\/p>\n\n\n\n<p>nesteriln\u00e9 pl\u00e1\u0161te pre n\u00e1v\u0161tevn\u00edkov<\/p>\n\n\n\n<p>steriln\u00e9 pl\u00e1\u0161te pre n\u00e1v\u0161tevn\u00edkov<\/p>\n\n\n\n<p>SMS nesteriln\u00e9 chirurgick\u00e9 pl\u00e1\u0161te (M-L-XL)<\/p>\n\n\n\n<p>SMS steriln\u00e9 chirurgick\u00e9 pl\u00e1\u0161te (M-L-XL)<\/p>\n<\/div><\/div>\n","protected":false},"excerpt":{"rendered":"<p>Pl\u00e1\u0161te Jednodielne p\u00e1sov\u00e9 pl\u00e1\u0161\u0165e so zap\u00ednan\u00edm na krk a bavlnen\u00fdmi man\u017eetami. Zais\u0165uj\u00fa maxim\u00e1lnu bezpe\u010dnos\u0165 a absorpciu a poskytuj\u00fa \u00fapln\u00e9 krytie lek\u00e1rom a pacientom. Chirurgick\u00e9 pl\u00e1\u0161te s\u00fa pohodln\u00e9, jednorazov\u00e9 pl\u00e1\u0161te vyroben\u00e9 v SMS s hmotnos\u0165ou 45 g \/ m2, \u0161peci\u00e1lny materi\u00e1l, ktor\u00fd zaru\u010duje m\u00e4kkos\u0165 aj vysok\u00fa odolnos\u0165. Tieto jednorazov\u00e9 pl\u00e1\u0161te s\u00fa v\u010faka svojim vynikaj\u00facim transpira\u010dn\u00fdm vlastnostiam [&hellip;]<\/p>\n","protected":false},"author":1,"featured_media":0,"parent":182,"menu_order":0,"comment_status":"closed","ping_status":"closed","template":"page-templates\/full-width.php","meta":{"_monsterinsights_skip_tracking":false,"_monsterinsights_sitenote_active":false,"_monsterinsights_sitenote_note":"","_monsterinsights_sitenote_category":0,"footnotes":""},"yoast_head":"<!-- This site is optimized with the Yoast SEO plugin v22.3 - https:\/\/yoast.com\/wordpress\/plugins\/seo\/ -->\n<title>Pl\u00e1\u0161te - Viva Medical s. r. o.<\/title>\n<meta name=\"robots\" content=\"index, follow, max-snippet:-1, max-image-preview:large, max-video-preview:-1\" \/>\n<link rel=\"canonical\" href=\"https:\/\/www.vivamedical.sk\/?page_id=194\" \/>\n<meta property=\"og:locale\" content=\"sk_SK\" \/>\n<meta property=\"og:type\" content=\"article\" \/>\n<meta property=\"og:title\" content=\"Pl\u00e1\u0161te - Viva Medical s. r. o.\" \/>\n<meta property=\"og:description\" content=\"Pl\u00e1\u0161te Jednodielne p\u00e1sov\u00e9 pl\u00e1\u0161\u0165e so zap\u00ednan\u00edm na krk a bavlnen\u00fdmi man\u017eetami. Zais\u0165uj\u00fa maxim\u00e1lnu bezpe\u010dnos\u0165 a absorpciu a poskytuj\u00fa \u00fapln\u00e9 krytie lek\u00e1rom a pacientom. Chirurgick\u00e9 pl\u00e1\u0161te s\u00fa pohodln\u00e9, jednorazov\u00e9 pl\u00e1\u0161te vyroben\u00e9 v SMS s hmotnos\u0165ou 45 g \/ m2, \u0161peci\u00e1lny materi\u00e1l, ktor\u00fd zaru\u010duje m\u00e4kkos\u0165 aj vysok\u00fa odolnos\u0165. Tieto jednorazov\u00e9 pl\u00e1\u0161te s\u00fa v\u010faka svojim vynikaj\u00facim transpira\u010dn\u00fdm vlastnostiam [&hellip;]\" \/>\n<meta property=\"og:url\" content=\"https:\/\/www.vivamedical.sk\/?page_id=194\" \/>\n<meta property=\"og:site_name\" content=\"Viva Medical s. r. o.\" \/>\n<meta property=\"og:image\" content=\"https:\/\/www.vivamedical.sk\/wp-content\/uploads\/2020\/03\/pl\u00e1\u0161te-1024x442.jpg\" \/>\n<meta name=\"twitter:card\" content=\"summary_large_image\" \/>\n<meta name=\"twitter:label1\" content=\"Predpokladan\u00fd \u010das \u010d\u00edtania\" \/>\n\t<meta name=\"twitter:data1\" content=\"1 min\u00fata\" \/>\n<script type=\"application\/ld+json\" class=\"yoast-schema-graph\">{\"@context\":\"https:\/\/schema.org\",\"@graph\":[{\"@type\":\"WebPage\",\"@id\":\"https:\/\/www.vivamedical.sk\/?page_id=194\",\"url\":\"https:\/\/www.vivamedical.sk\/?page_id=194\",\"name\":\"Pl\u00e1\u0161te - Viva Medical s. r. o.\",\"isPartOf\":{\"@id\":\"https:\/\/www.vivamedical.sk\/#website\"},\"datePublished\":\"2020-03-09T19:57:28+00:00\",\"dateModified\":\"2020-03-09T19:57:28+00:00\",\"breadcrumb\":{\"@id\":\"https:\/\/www.vivamedical.sk\/?page_id=194#breadcrumb\"},\"inLanguage\":\"sk-SK\",\"potentialAction\":[{\"@type\":\"ReadAction\",\"target\":[\"https:\/\/www.vivamedical.sk\/?page_id=194\"]}]},{\"@type\":\"BreadcrumbList\",\"@id\":\"https:\/\/www.vivamedical.sk\/?page_id=194#breadcrumb\",\"itemListElement\":[{\"@type\":\"ListItem\",\"position\":1,\"name\":\"Home\",\"item\":\"https:\/\/www.vivamedical.sk\/\"},{\"@type\":\"ListItem\",\"position\":2,\"name\":\"Hygiena\",\"item\":\"https:\/\/www.vivamedical.sk\/?page_id=182\"},{\"@type\":\"ListItem\",\"position\":3,\"name\":\"Pl\u00e1\u0161te\"}]},{\"@type\":\"WebSite\",\"@id\":\"https:\/\/www.vivamedical.sk\/#website\",\"url\":\"https:\/\/www.vivamedical.sk\/\",\"name\":\"Viva Medical s. r. o.\",\"description\":\"Zdravotn\u00edcke z\u00e1sobovanie\",\"potentialAction\":[{\"@type\":\"SearchAction\",\"target\":{\"@type\":\"EntryPoint\",\"urlTemplate\":\"https:\/\/www.vivamedical.sk\/?s={search_term_string}\"},\"query-input\":\"required name=search_term_string\"}],\"inLanguage\":\"sk-SK\"}]}<\/script>\n<!-- \/ Yoast SEO plugin. -->","yoast_head_json":{"title":"Pl\u00e1\u0161te - Viva Medical s. r. o.","robots":{"index":"index","follow":"follow","max-snippet":"max-snippet:-1","max-image-preview":"max-image-preview:large","max-video-preview":"max-video-preview:-1"},"canonical":"https:\/\/www.vivamedical.sk\/?page_id=194","og_locale":"sk_SK","og_type":"article","og_title":"Pl\u00e1\u0161te - Viva Medical s. r. o.","og_description":"Pl\u00e1\u0161te Jednodielne p\u00e1sov\u00e9 pl\u00e1\u0161\u0165e so zap\u00ednan\u00edm na krk a bavlnen\u00fdmi man\u017eetami. Zais\u0165uj\u00fa maxim\u00e1lnu bezpe\u010dnos\u0165 a absorpciu a poskytuj\u00fa \u00fapln\u00e9 krytie lek\u00e1rom a pacientom. Chirurgick\u00e9 pl\u00e1\u0161te s\u00fa pohodln\u00e9, jednorazov\u00e9 pl\u00e1\u0161te vyroben\u00e9 v SMS s hmotnos\u0165ou 45 g \/ m2, \u0161peci\u00e1lny materi\u00e1l, ktor\u00fd zaru\u010duje m\u00e4kkos\u0165 aj vysok\u00fa odolnos\u0165. Tieto jednorazov\u00e9 pl\u00e1\u0161te s\u00fa v\u010faka svojim vynikaj\u00facim transpira\u010dn\u00fdm vlastnostiam [&hellip;]","og_url":"https:\/\/www.vivamedical.sk\/?page_id=194","og_site_name":"Viva Medical s. r. o.","og_image":[{"url":"https:\/\/www.vivamedical.sk\/wp-content\/uploads\/2020\/03\/pl\u00e1\u0161te-1024x442.jpg"}],"twitter_card":"summary_large_image","twitter_misc":{"Predpokladan\u00fd \u010das \u010d\u00edtania":"1 min\u00fata"},"schema":{"@context":"https:\/\/schema.org","@graph":[{"@type":"WebPage","@id":"https:\/\/www.vivamedical.sk\/?page_id=194","url":"https:\/\/www.vivamedical.sk\/?page_id=194","name":"Pl\u00e1\u0161te - Viva Medical s. r. o.","isPartOf":{"@id":"https:\/\/www.vivamedical.sk\/#website"},"datePublished":"2020-03-09T19:57:28+00:00","dateModified":"2020-03-09T19:57:28+00:00","breadcrumb":{"@id":"https:\/\/www.vivamedical.sk\/?page_id=194#breadcrumb"},"inLanguage":"sk-SK","potentialAction":[{"@type":"ReadAction","target":["https:\/\/www.vivamedical.sk\/?page_id=194"]}]},{"@type":"BreadcrumbList","@id":"https:\/\/www.vivamedical.sk\/?page_id=194#breadcrumb","itemListElement":[{"@type":"ListItem","position":1,"name":"Home","item":"https:\/\/www.vivamedical.sk\/"},{"@type":"ListItem","position":2,"name":"Hygiena","item":"https:\/\/www.vivamedical.sk\/?page_id=182"},{"@type":"ListItem","position":3,"name":"Pl\u00e1\u0161te"}]},{"@type":"WebSite","@id":"https:\/\/www.vivamedical.sk\/#website","url":"https:\/\/www.vivamedical.sk\/","name":"Viva Medical s. r. o.","description":"Zdravotn\u00edcke z\u00e1sobovanie","potentialAction":[{"@type":"SearchAction","target":{"@type":"EntryPoint","urlTemplate":"https:\/\/www.vivamedical.sk\/?s={search_term_string}"},"query-input":"required name=search_term_string"}],"inLanguage":"sk-SK"}]}},"_links":{"self":[{"href":"https:\/\/www.vivamedical.sk\/index.php?rest_route=\/wp\/v2\/pages\/194"}],"collection":[{"href":"https:\/\/www.vivamedical.sk\/index.php?rest_route=\/wp\/v2\/pages"}],"about":[{"href":"https:\/\/www.vivamedical.sk\/index.php?rest_route=\/wp\/v2\/types\/page"}],"author":[{"embeddable":true,"href":"https:\/\/www.vivamedical.sk\/index.php?rest_route=\/wp\/v2\/users\/1"}],"replies":[{"embeddable":true,"href":"https:\/\/www.vivamedical.sk\/index.php?rest_route=%2Fwp%2Fv2%2Fcomments&post=194"}],"version-history":[{"count":1,"href":"https:\/\/www.vivamedical.sk\/index.php?rest_route=\/wp\/v2\/pages\/194\/revisions"}],"predecessor-version":[{"id":196,"href":"https:\/\/www.vivamedical.sk\/index.php?rest_route=\/wp\/v2\/pages\/194\/revisions\/196"}],"up":[{"embeddable":true,"href":"https:\/\/www.vivamedical.sk\/index.php?rest_route=\/wp\/v2\/pages\/182"}],"wp:attachment":[{"href":"https:\/\/www.vivamedical.sk\/index.php?rest_route=%2Fwp%2Fv2%2Fmedia&parent=194"}],"curies":[{"name":"wp","href":"https:\/\/api.w.org\/{rel}","templated":true}]}}