{"id":2,"date":"2020-02-25T15:46:22","date_gmt":"2020-02-25T14:46:22","guid":{"rendered":"https:\/\/www.vivamedical.sk\/?page_id=2"},"modified":"2020-03-10T11:44:58","modified_gmt":"2020-03-10T10:44:58","slug":"ukazka-strany","status":"publish","type":"page","link":"https:\/\/www.vivamedical.sk\/?page_id=2","title":{"rendered":"Kontakt"},"content":{"rendered":"\n<p>Viva Medical s. r. o.<\/p>\n\n\n\n<p>Ko\u0161ick\u00e1 52\/A, 821 08 Bratislava<br>e-mail : office@vivamedical.sk (objedn\u00e1vky a inform\u00e1cie)<br>                 info@vivamedical.sk (sekretari\u00e1t)<br>Tel : +421 908 482 292<br>I\u010cO : 52 446 042<br>DI\u010c : 2121024356<\/p>\n\n\n\n<hr class=\"wp-block-separator\"\/>\n\n\n\n<figure class=\"wp-block-image size-large\"><img loading=\"lazy\" decoding=\"async\" width=\"640\" height=\"417\" src=\"https:\/\/www.vivamedical.sk\/wp-content\/uploads\/2020\/02\/image0.jpeg\" alt=\"viva medical\" class=\"wp-image-28\" srcset=\"https:\/\/www.vivamedical.sk\/wp-content\/uploads\/2020\/02\/image0.jpeg 640w, https:\/\/www.vivamedical.sk\/wp-content\/uploads\/2020\/02\/image0-300x195.jpeg 300w\" sizes=\"(max-width: 640px) 100vw, 640px\" \/><\/figure>\n\n\n\n<p><\/p>\n","protected":false},"excerpt":{"rendered":"<p>Viva Medical s. r. o. Ko\u0161ick\u00e1 52\/A, 821 08 Bratislavae-mail : office@vivamedical.sk (objedn\u00e1vky a inform\u00e1cie) info@vivamedical.sk (sekretari\u00e1t)Tel : +421 908 482 292I\u010cO : 52 446 042DI\u010c : 2121024356<\/p>\n","protected":false},"author":1,"featured_media":0,"parent":0,"menu_order":9,"comment_status":"closed","ping_status":"closed","template":"page-templates\/full-width.php","meta":{"_monsterinsights_skip_tracking":false,"_monsterinsights_sitenote_active":false,"_monsterinsights_sitenote_note":"","_monsterinsights_sitenote_category":0,"footnotes":""},"yoast_head":"<!-- This site is optimized with the Yoast SEO plugin v22.3 - https:\/\/yoast.com\/wordpress\/plugins\/seo\/ -->\n<title>Kontakt - Viva Medical s. r. o.<\/title>\n<meta name=\"robots\" content=\"index, follow, max-snippet:-1, max-image-preview:large, max-video-preview:-1\" \/>\n<link rel=\"canonical\" href=\"https:\/\/www.vivamedical.sk\/?page_id=2\" \/>\n<meta property=\"og:locale\" content=\"sk_SK\" \/>\n<meta property=\"og:type\" content=\"article\" \/>\n<meta property=\"og:title\" content=\"Kontakt - Viva Medical s. r. o.\" \/>\n<meta property=\"og:description\" content=\"Viva Medical s. r. o. Ko\u0161ick\u00e1 52\/A, 821 08 Bratislavae-mail : office@vivamedical.sk (objedn\u00e1vky a inform\u00e1cie) info@vivamedical.sk (sekretari\u00e1t)Tel : +421 908 482 292I\u010cO : 52 446 042DI\u010c : 2121024356\" \/>\n<meta property=\"og:url\" content=\"https:\/\/www.vivamedical.sk\/?page_id=2\" \/>\n<meta property=\"og:site_name\" content=\"Viva Medical s. r. o.\" \/>\n<meta property=\"article:modified_time\" content=\"2020-03-10T10:44:58+00:00\" \/>\n<meta property=\"og:image\" content=\"https:\/\/www.vivamedical.sk\/wp-content\/uploads\/2020\/02\/image0.jpeg\" \/>\n<meta name=\"twitter:card\" content=\"summary_large_image\" \/>\n<script type=\"application\/ld+json\" class=\"yoast-schema-graph\">{\"@context\":\"https:\/\/schema.org\",\"@graph\":[{\"@type\":\"WebPage\",\"@id\":\"https:\/\/www.vivamedical.sk\/?page_id=2\",\"url\":\"https:\/\/www.vivamedical.sk\/?page_id=2\",\"name\":\"Kontakt - Viva Medical s. r. o.\",\"isPartOf\":{\"@id\":\"https:\/\/www.vivamedical.sk\/#website\"},\"primaryImageOfPage\":{\"@id\":\"https:\/\/www.vivamedical.sk\/?page_id=2#primaryimage\"},\"image\":{\"@id\":\"https:\/\/www.vivamedical.sk\/?page_id=2#primaryimage\"},\"thumbnailUrl\":\"https:\/\/www.vivamedical.sk\/wp-content\/uploads\/2020\/02\/image0.jpeg\",\"datePublished\":\"2020-02-25T14:46:22+00:00\",\"dateModified\":\"2020-03-10T10:44:58+00:00\",\"breadcrumb\":{\"@id\":\"https:\/\/www.vivamedical.sk\/?page_id=2#breadcrumb\"},\"inLanguage\":\"sk-SK\",\"potentialAction\":[{\"@type\":\"ReadAction\",\"target\":[\"https:\/\/www.vivamedical.sk\/?page_id=2\"]}]},{\"@type\":\"ImageObject\",\"inLanguage\":\"sk-SK\",\"@id\":\"https:\/\/www.vivamedical.sk\/?page_id=2#primaryimage\",\"url\":\"https:\/\/www.vivamedical.sk\/wp-content\/uploads\/2020\/02\/image0.jpeg\",\"contentUrl\":\"https:\/\/www.vivamedical.sk\/wp-content\/uploads\/2020\/02\/image0.jpeg\",\"width\":640,\"height\":417,\"caption\":\"viva medical\"},{\"@type\":\"BreadcrumbList\",\"@id\":\"https:\/\/www.vivamedical.sk\/?page_id=2#breadcrumb\",\"itemListElement\":[{\"@type\":\"ListItem\",\"position\":1,\"name\":\"Home\",\"item\":\"https:\/\/www.vivamedical.sk\/\"},{\"@type\":\"ListItem\",\"position\":2,\"name\":\"Kontakt\"}]},{\"@type\":\"WebSite\",\"@id\":\"https:\/\/www.vivamedical.sk\/#website\",\"url\":\"https:\/\/www.vivamedical.sk\/\",\"name\":\"Viva Medical s. r. o.\",\"description\":\"Zdravotn\u00edcke z\u00e1sobovanie\",\"potentialAction\":[{\"@type\":\"SearchAction\",\"target\":{\"@type\":\"EntryPoint\",\"urlTemplate\":\"https:\/\/www.vivamedical.sk\/?s={search_term_string}\"},\"query-input\":\"required name=search_term_string\"}],\"inLanguage\":\"sk-SK\"}]}<\/script>\n<!-- \/ Yoast SEO plugin. -->","yoast_head_json":{"title":"Kontakt - Viva Medical s. r. o.","robots":{"index":"index","follow":"follow","max-snippet":"max-snippet:-1","max-image-preview":"max-image-preview:large","max-video-preview":"max-video-preview:-1"},"canonical":"https:\/\/www.vivamedical.sk\/?page_id=2","og_locale":"sk_SK","og_type":"article","og_title":"Kontakt - Viva Medical s. r. o.","og_description":"Viva Medical s. r. o. Ko\u0161ick\u00e1 52\/A, 821 08 Bratislavae-mail : office@vivamedical.sk (objedn\u00e1vky a inform\u00e1cie) info@vivamedical.sk (sekretari\u00e1t)Tel : +421 908 482 292I\u010cO : 52 446 042DI\u010c : 2121024356","og_url":"https:\/\/www.vivamedical.sk\/?page_id=2","og_site_name":"Viva Medical s. r. o.","article_modified_time":"2020-03-10T10:44:58+00:00","og_image":[{"url":"https:\/\/www.vivamedical.sk\/wp-content\/uploads\/2020\/02\/image0.jpeg"}],"twitter_card":"summary_large_image","schema":{"@context":"https:\/\/schema.org","@graph":[{"@type":"WebPage","@id":"https:\/\/www.vivamedical.sk\/?page_id=2","url":"https:\/\/www.vivamedical.sk\/?page_id=2","name":"Kontakt - Viva Medical s. r. o.","isPartOf":{"@id":"https:\/\/www.vivamedical.sk\/#website"},"primaryImageOfPage":{"@id":"https:\/\/www.vivamedical.sk\/?page_id=2#primaryimage"},"image":{"@id":"https:\/\/www.vivamedical.sk\/?page_id=2#primaryimage"},"thumbnailUrl":"https:\/\/www.vivamedical.sk\/wp-content\/uploads\/2020\/02\/image0.jpeg","datePublished":"2020-02-25T14:46:22+00:00","dateModified":"2020-03-10T10:44:58+00:00","breadcrumb":{"@id":"https:\/\/www.vivamedical.sk\/?page_id=2#breadcrumb"},"inLanguage":"sk-SK","potentialAction":[{"@type":"ReadAction","target":["https:\/\/www.vivamedical.sk\/?page_id=2"]}]},{"@type":"ImageObject","inLanguage":"sk-SK","@id":"https:\/\/www.vivamedical.sk\/?page_id=2#primaryimage","url":"https:\/\/www.vivamedical.sk\/wp-content\/uploads\/2020\/02\/image0.jpeg","contentUrl":"https:\/\/www.vivamedical.sk\/wp-content\/uploads\/2020\/02\/image0.jpeg","width":640,"height":417,"caption":"viva medical"},{"@type":"BreadcrumbList","@id":"https:\/\/www.vivamedical.sk\/?page_id=2#breadcrumb","itemListElement":[{"@type":"ListItem","position":1,"name":"Home","item":"https:\/\/www.vivamedical.sk\/"},{"@type":"ListItem","position":2,"name":"Kontakt"}]},{"@type":"WebSite","@id":"https:\/\/www.vivamedical.sk\/#website","url":"https:\/\/www.vivamedical.sk\/","name":"Viva Medical s. r. o.","description":"Zdravotn\u00edcke z\u00e1sobovanie","potentialAction":[{"@type":"SearchAction","target":{"@type":"EntryPoint","urlTemplate":"https:\/\/www.vivamedical.sk\/?s={search_term_string}"},"query-input":"required name=search_term_string"}],"inLanguage":"sk-SK"}]}},"_links":{"self":[{"href":"https:\/\/www.vivamedical.sk\/index.php?rest_route=\/wp\/v2\/pages\/2"}],"collection":[{"href":"https:\/\/www.vivamedical.sk\/index.php?rest_route=\/wp\/v2\/pages"}],"about":[{"href":"https:\/\/www.vivamedical.sk\/index.php?rest_route=\/wp\/v2\/types\/page"}],"author":[{"embeddable":true,"href":"https:\/\/www.vivamedical.sk\/index.php?rest_route=\/wp\/v2\/users\/1"}],"replies":[{"embeddable":true,"href":"https:\/\/www.vivamedical.sk\/index.php?rest_route=%2Fwp%2Fv2%2Fcomments&post=2"}],"version-history":[{"count":6,"href":"https:\/\/www.vivamedical.sk\/index.php?rest_route=\/wp\/v2\/pages\/2\/revisions"}],"predecessor-version":[{"id":264,"href":"https:\/\/www.vivamedical.sk\/index.php?rest_route=\/wp\/v2\/pages\/2\/revisions\/264"}],"wp:attachment":[{"href":"https:\/\/www.vivamedical.sk\/index.php?rest_route=%2Fwp%2Fv2%2Fmedia&parent=2"}],"curies":[{"name":"wp","href":"https:\/\/api.w.org\/{rel}","templated":true}]}}